{"id":1242,"date":"2021-06-09T12:18:06","date_gmt":"2021-06-09T12:18:06","guid":{"rendered":"https:\/\/fineartportraitkunst.de\/?page_id=1242"},"modified":"2023-01-18T11:16:14","modified_gmt":"2023-01-18T11:16:14","slug":"galerie-3","status":"publish","type":"page","link":"https:\/\/xn--portrtkunst-p8a.com\/?page_id=1242","title":{"rendered":"Galerie 3"},"content":{"rendered":"\t\t<div data-elementor-type=\"wp-page\" data-elementor-id=\"1242\" class=\"elementor elementor-1242\">\n\t\t\t\t\t\t<section class=\"elementor-section elementor-top-section elementor-element elementor-element-ca97436 elementor-section-boxed elementor-section-height-default elementor-section-height-default\" data-id=\"ca97436\" data-element_type=\"section\" data-e-type=\"section\">\n\t\t\t\t\t\t<div class=\"elementor-container elementor-column-gap-default\">\n\t\t\t\t\t<div class=\"elementor-column elementor-col-100 elementor-top-column elementor-element elementor-element-e73b4ec\" data-id=\"e73b4ec\" data-element_type=\"column\" data-e-type=\"column\">\n\t\t\t<div class=\"elementor-widget-wrap elementor-element-populated\">\n\t\t\t\t\t\t<div class=\"elementor-element elementor-element-3025c84 elementor-widget elementor-widget-text-editor\" data-id=\"3025c84\" data-element_type=\"widget\" data-e-type=\"widget\" data-widget_type=\"text-editor.default\">\n\t\t\t\t<div class=\"elementor-widget-container\">\n\t\t\t\t\t\t\t\t\t<p>Chiaroscuro<\/p>\t\t\t\t\t\t\t\t<\/div>\n\t\t\t\t<\/div>\n\t\t\t\t\t<\/div>\n\t\t<\/div>\n\t\t\t\t\t<\/div>\n\t\t<\/section>\n\t\t\t\t<section class=\"elementor-section elementor-top-section elementor-element elementor-element-ee1bb4f elementor-section-boxed elementor-section-height-default elementor-section-height-default\" data-id=\"ee1bb4f\" data-element_type=\"section\" data-e-type=\"section\">\n\t\t\t\t\t\t<div class=\"elementor-container elementor-column-gap-default\">\n\t\t\t\t\t<div class=\"elementor-column elementor-col-100 elementor-top-column elementor-element elementor-element-a2ccaae\" data-id=\"a2ccaae\" data-element_type=\"column\" data-e-type=\"column\">\n\t\t\t<div class=\"elementor-widget-wrap elementor-element-populated\">\n\t\t\t\t\t\t<div class=\"elementor-element elementor-element-863a643 elementor-widget elementor-widget-text-editor\" data-id=\"863a643\" data-element_type=\"widget\" data-e-type=\"widget\" data-widget_type=\"text-editor.default\">\n\t\t\t\t<div class=\"elementor-widget-container\">\n\t\t\t\t\t\t\t\t\t<p>Chiaroscuro kommt aus dem Italienischen und bedeutet soviel wie Hell-Dunkel. Die \u00dcberg\u00e4nge von hell nach dunkel sind meist sehr scharf von einander abgegrenzt, wodurch mehr Tiefe entsteht. Ich verwende diesen Malstil ausschlie\u00dflich auf schwarzem Velourpapier,\u00a0 jedoch ist das Arbeiten sehr intensiv und zeitaufw\u00e4ndig durch die Beschaffenheit des Papiers. Die Gr\u00f6\u00dfe der Bilder ist auf max. 30x40cm beschr\u00e4nkt.\u00a0<\/p>\t\t\t\t\t\t\t\t<\/div>\n\t\t\t\t<\/div>\n\t\t\t\t\t<\/div>\n\t\t<\/div>\n\t\t\t\t\t<\/div>\n\t\t<\/section>\n\t\t\t\t<section class=\"elementor-section elementor-top-section elementor-element elementor-element-b263629 elementor-section-boxed elementor-section-height-default elementor-section-height-default\" data-id=\"b263629\" data-element_type=\"section\" data-e-type=\"section\">\n\t\t\t\t\t\t<div class=\"elementor-container elementor-column-gap-default\">\n\t\t\t\t\t<div class=\"elementor-column elementor-col-33 elementor-top-column elementor-element elementor-element-311e53c\" data-id=\"311e53c\" data-element_type=\"column\" data-e-type=\"column\">\n\t\t\t<div class=\"elementor-widget-wrap\">\n\t\t\t\t\t\t\t<\/div>\n\t\t<\/div>\n\t\t\t\t<div class=\"elementor-column elementor-col-33 elementor-top-column elementor-element elementor-element-43b6e58\" data-id=\"43b6e58\" data-element_type=\"column\" data-e-type=\"column\">\n\t\t\t<div class=\"elementor-widget-wrap elementor-element-populated\">\n\t\t\t\t\t\t<div class=\"elementor-element elementor-element-6a7fd4b elementor-widget elementor-widget-image\" data-id=\"6a7fd4b\" data-element_type=\"widget\" data-e-type=\"widget\" data-widget_type=\"image.default\">\n\t\t\t\t<div class=\"elementor-widget-container\">\n\t\t\t\t\t\t\t\t\t\t\t\t\t\t\t<img fetchpriority=\"high\" decoding=\"async\" width=\"216\" height=\"300\" src=\"https:\/\/xn--portrtkunst-p8a.com\/wp-content\/uploads\/Hexe-org-1-216x300.jpg\" class=\"attachment-medium size-medium wp-image-1255\" alt=\"\" srcset=\"https:\/\/xn--portrtkunst-p8a.com\/wp-content\/uploads\/Hexe-org-1-216x300.jpg 216w, https:\/\/xn--portrtkunst-p8a.com\/wp-content\/uploads\/Hexe-org-1.jpg 493w\" sizes=\"(max-width: 216px) 100vw, 216px\" \/>\t\t\t\t\t\t\t\t\t\t\t\t\t\t\t<\/div>\n\t\t\t\t<\/div>\n\t\t\t\t\t<\/div>\n\t\t<\/div>\n\t\t\t\t<div class=\"elementor-column elementor-col-33 elementor-top-column elementor-element elementor-element-73687a0\" data-id=\"73687a0\" data-element_type=\"column\" data-e-type=\"column\">\n\t\t\t<div class=\"elementor-widget-wrap elementor-element-populated\">\n\t\t\t\t\t\t\t<\/div>\n\t\t<\/div>\n\t\t\t\t\t<\/div>\n\t\t<\/section>\n\t\t\t\t<section class=\"elementor-section elementor-top-section elementor-element elementor-element-a8a9423 elementor-section-boxed elementor-section-height-default elementor-section-height-default\" data-id=\"a8a9423\" data-element_type=\"section\" data-e-type=\"section\">\n\t\t\t\t\t\t<div class=\"elementor-container elementor-column-gap-default\">\n\t\t\t\t\t<div class=\"elementor-column elementor-col-100 elementor-top-column elementor-element elementor-element-2eea211\" data-id=\"2eea211\" data-element_type=\"column\" data-e-type=\"column\">\n\t\t\t<div class=\"elementor-widget-wrap\">\n\t\t\t\t\t\t\t<\/div>\n\t\t<\/div>\n\t\t\t\t\t<\/div>\n\t\t<\/section>\n\t\t\t\t<section class=\"elementor-section elementor-top-section elementor-element elementor-element-52e3147 elementor-section-boxed elementor-section-height-default elementor-section-height-default\" data-id=\"52e3147\" data-element_type=\"section\" data-e-type=\"section\">\n\t\t\t\t\t\t<div class=\"elementor-container elementor-column-gap-default\">\n\t\t\t\t\t<div class=\"elementor-column elementor-col-100 elementor-top-column elementor-element elementor-element-7b53d0f\" data-id=\"7b53d0f\" data-element_type=\"column\" data-e-type=\"column\">\n\t\t\t<div class=\"elementor-widget-wrap elementor-element-populated\">\n\t\t\t\t\t\t<div class=\"elementor-element elementor-element-597970e elementor-widget elementor-widget-image\" data-id=\"597970e\" data-element_type=\"widget\" data-e-type=\"widget\" data-widget_type=\"image.default\">\n\t\t\t\t<div class=\"elementor-widget-container\">\n\t\t\t\t\t\t\t\t\t\t\t\t\t\t\t<img decoding=\"async\" width=\"175\" height=\"300\" src=\"https:\/\/xn--portrtkunst-p8a.com\/wp-content\/uploads\/Spanner-black-306-175x300.jpg\" class=\"attachment-medium size-medium wp-image-1364\" alt=\"\" srcset=\"https:\/\/xn--portrtkunst-p8a.com\/wp-content\/uploads\/Spanner-black-306-175x300.jpg 175w, https:\/\/xn--portrtkunst-p8a.com\/wp-content\/uploads\/Spanner-black-306-597x1024.jpg 597w, https:\/\/xn--portrtkunst-p8a.com\/wp-content\/uploads\/Spanner-black-306-768x1318.jpg 768w, https:\/\/xn--portrtkunst-p8a.com\/wp-content\/uploads\/Spanner-black-306.jpg 862w\" sizes=\"(max-width: 175px) 100vw, 175px\" \/>\t\t\t\t\t\t\t\t\t\t\t\t\t\t\t<\/div>\n\t\t\t\t<\/div>\n\t\t\t\t\t<\/div>\n\t\t<\/div>\n\t\t\t\t\t<\/div>\n\t\t<\/section>\n\t\t\t\t<section class=\"elementor-section elementor-top-section elementor-element elementor-element-8427d96 elementor-section-boxed elementor-section-height-default elementor-section-height-default\" data-id=\"8427d96\" data-element_type=\"section\" data-e-type=\"section\">\n\t\t\t\t\t\t<div class=\"elementor-container elementor-column-gap-default\">\n\t\t\t\t\t<div class=\"elementor-column elementor-col-100 elementor-top-column elementor-element elementor-element-179e430\" data-id=\"179e430\" data-element_type=\"column\" data-e-type=\"column\">\n\t\t\t<div class=\"elementor-widget-wrap\">\n\t\t\t\t\t\t\t<\/div>\n\t\t<\/div>\n\t\t\t\t\t<\/div>\n\t\t<\/section>\n\t\t\t\t<section class=\"elementor-section elementor-top-section elementor-element elementor-element-c430dca elementor-section-boxed elementor-section-height-default elementor-section-height-default\" data-id=\"c430dca\" data-element_type=\"section\" data-e-type=\"section\">\n\t\t\t\t\t\t<div class=\"elementor-container elementor-column-gap-default\">\n\t\t\t\t\t<div class=\"elementor-column elementor-col-100 elementor-top-column elementor-element elementor-element-ccc2823\" data-id=\"ccc2823\" data-element_type=\"column\" data-e-type=\"column\">\n\t\t\t<div class=\"elementor-widget-wrap elementor-element-populated\">\n\t\t\t\t\t\t<div class=\"elementor-element elementor-element-8900070 elementor-widget elementor-widget-image\" data-id=\"8900070\" data-element_type=\"widget\" data-e-type=\"widget\" data-widget_type=\"image.default\">\n\t\t\t\t<div class=\"elementor-widget-container\">\n\t\t\t\t\t\t\t\t\t\t\t\t\t\t\t<img decoding=\"async\" width=\"230\" height=\"300\" src=\"https:\/\/xn--portrtkunst-p8a.com\/wp-content\/uploads\/20210625_112128-230x300.jpg\" class=\"attachment-medium size-medium wp-image-1366\" alt=\"\" srcset=\"https:\/\/xn--portrtkunst-p8a.com\/wp-content\/uploads\/20210625_112128-230x300.jpg 230w, https:\/\/xn--portrtkunst-p8a.com\/wp-content\/uploads\/20210625_112128-785x1024.jpg 785w, https:\/\/xn--portrtkunst-p8a.com\/wp-content\/uploads\/20210625_112128-768x1002.jpg 768w, https:\/\/xn--portrtkunst-p8a.com\/wp-content\/uploads\/20210625_112128.jpg 980w\" sizes=\"(max-width: 230px) 100vw, 230px\" \/>\t\t\t\t\t\t\t\t\t\t\t\t\t\t\t<\/div>\n\t\t\t\t<\/div>\n\t\t\t\t\t<\/div>\n\t\t<\/div>\n\t\t\t\t\t<\/div>\n\t\t<\/section>\n\t\t\t\t<section class=\"elementor-section elementor-top-section elementor-element elementor-element-d28e46d elementor-section-boxed elementor-section-height-default elementor-section-height-default\" data-id=\"d28e46d\" data-element_type=\"section\" data-e-type=\"section\">\n\t\t\t\t\t\t<div class=\"elementor-container elementor-column-gap-default\">\n\t\t\t\t\t<div class=\"elementor-column elementor-col-100 elementor-top-column elementor-element elementor-element-d139509\" data-id=\"d139509\" data-element_type=\"column\" data-e-type=\"column\">\n\t\t\t<div class=\"elementor-widget-wrap\">\n\t\t\t\t\t\t\t<\/div>\n\t\t<\/div>\n\t\t\t\t\t<\/div>\n\t\t<\/section>\n\t\t\t\t<section class=\"elementor-section elementor-top-section elementor-element elementor-element-c9f9559 elementor-section-boxed elementor-section-height-default elementor-section-height-default\" data-id=\"c9f9559\" data-element_type=\"section\" data-e-type=\"section\">\n\t\t\t\t\t\t<div class=\"elementor-container elementor-column-gap-default\">\n\t\t\t\t\t<div class=\"elementor-column elementor-col-100 elementor-top-column elementor-element elementor-element-39eba84\" data-id=\"39eba84\" data-element_type=\"column\" data-e-type=\"column\">\n\t\t\t<div class=\"elementor-widget-wrap elementor-element-populated\">\n\t\t\t\t\t\t<div class=\"elementor-element elementor-element-33bfa78 elementor-widget elementor-widget-image\" data-id=\"33bfa78\" data-element_type=\"widget\" data-e-type=\"widget\" data-widget_type=\"image.default\">\n\t\t\t\t<div class=\"elementor-widget-container\">\n\t\t\t\t\t\t\t\t\t\t\t\t\t\t\t<img loading=\"lazy\" decoding=\"async\" width=\"300\" height=\"232\" src=\"https:\/\/xn--portrtkunst-p8a.com\/wp-content\/uploads\/20210625_1131011-300x232.jpg\" class=\"attachment-medium size-medium wp-image-1370\" alt=\"\" srcset=\"https:\/\/xn--portrtkunst-p8a.com\/wp-content\/uploads\/20210625_1131011-300x232.jpg 300w, https:\/\/xn--portrtkunst-p8a.com\/wp-content\/uploads\/20210625_1131011-768x595.jpg 768w, https:\/\/xn--portrtkunst-p8a.com\/wp-content\/uploads\/20210625_1131011.jpg 1005w\" sizes=\"(max-width: 300px) 100vw, 300px\" \/>\t\t\t\t\t\t\t\t\t\t\t\t\t\t\t<\/div>\n\t\t\t\t<\/div>\n\t\t\t\t\t<\/div>\n\t\t<\/div>\n\t\t\t\t\t<\/div>\n\t\t<\/section>\n\t\t\t\t<section class=\"elementor-section elementor-top-section elementor-element elementor-element-26139d4 elementor-section-boxed elementor-section-height-default elementor-section-height-default\" data-id=\"26139d4\" data-element_type=\"section\" data-e-type=\"section\">\n\t\t\t\t\t\t<div class=\"elementor-container elementor-column-gap-default\">\n\t\t\t\t\t<div class=\"elementor-column elementor-col-100 elementor-top-column elementor-element elementor-element-f07549f\" data-id=\"f07549f\" data-element_type=\"column\" data-e-type=\"column\">\n\t\t\t<div class=\"elementor-widget-wrap\">\n\t\t\t\t\t\t\t<\/div>\n\t\t<\/div>\n\t\t\t\t\t<\/div>\n\t\t<\/section>\n\t\t\t\t<section class=\"elementor-section elementor-top-section elementor-element elementor-element-00fc6b3 elementor-section-boxed elementor-section-height-default elementor-section-height-default\" data-id=\"00fc6b3\" data-element_type=\"section\" data-e-type=\"section\">\n\t\t\t\t\t\t<div class=\"elementor-container elementor-column-gap-default\">\n\t\t\t\t\t<div class=\"elementor-column elementor-col-100 elementor-top-column elementor-element elementor-element-16d0f56\" data-id=\"16d0f56\" data-element_type=\"column\" data-e-type=\"column\">\n\t\t\t<div class=\"elementor-widget-wrap elementor-element-populated\">\n\t\t\t\t\t\t<div class=\"elementor-element elementor-element-8a65baa elementor-widget elementor-widget-image\" data-id=\"8a65baa\" data-element_type=\"widget\" data-e-type=\"widget\" data-widget_type=\"image.default\">\n\t\t\t\t<div class=\"elementor-widget-container\">\n\t\t\t\t\t\t\t\t\t\t\t\t\t\t\t<img loading=\"lazy\" decoding=\"async\" width=\"229\" height=\"300\" src=\"https:\/\/xn--portrtkunst-p8a.com\/wp-content\/uploads\/Bowie-248-Rahmen-1-229x300.jpg\" class=\"attachment-medium size-medium wp-image-1373\" alt=\"\" srcset=\"https:\/\/xn--portrtkunst-p8a.com\/wp-content\/uploads\/Bowie-248-Rahmen-1-229x300.jpg 229w, https:\/\/xn--portrtkunst-p8a.com\/wp-content\/uploads\/Bowie-248-Rahmen-1-782x1024.jpg 782w, https:\/\/xn--portrtkunst-p8a.com\/wp-content\/uploads\/Bowie-248-Rahmen-1-768x1005.jpg 768w, https:\/\/xn--portrtkunst-p8a.com\/wp-content\/uploads\/Bowie-248-Rahmen-1.jpg 1003w\" sizes=\"(max-width: 229px) 100vw, 229px\" \/>\t\t\t\t\t\t\t\t\t\t\t\t\t\t\t<\/div>\n\t\t\t\t<\/div>\n\t\t\t\t\t<\/div>\n\t\t<\/div>\n\t\t\t\t\t<\/div>\n\t\t<\/section>\n\t\t\t\t<section class=\"elementor-section elementor-top-section elementor-element elementor-element-6751c7f elementor-section-boxed elementor-section-height-default elementor-section-height-default\" data-id=\"6751c7f\" data-element_type=\"section\" data-e-type=\"section\">\n\t\t\t\t\t\t<div class=\"elementor-container elementor-column-gap-default\">\n\t\t\t\t\t<div class=\"elementor-column elementor-col-100 elementor-top-column elementor-element elementor-element-7a85526\" data-id=\"7a85526\" data-element_type=\"column\" data-e-type=\"column\">\n\t\t\t<div class=\"elementor-widget-wrap\">\n\t\t\t\t\t\t\t<\/div>\n\t\t<\/div>\n\t\t\t\t\t<\/div>\n\t\t<\/section>\n\t\t\t\t<\/div>\n\t\t","protected":false},"excerpt":{"rendered":"<p>Chiaroscuro Chiaroscuro kommt aus dem Italienischen und bedeutet soviel wie Hell-Dunkel. Die \u00dcberg\u00e4nge von hell nach dunkel sind meist sehr scharf von einander abgegrenzt, wodurch mehr Tiefe entsteht. Ich verwende diesen Malstil ausschlie\u00dflich auf schwarzem Velourpapier,\u00a0 jedoch ist das Arbeiten sehr intensiv und zeitaufw\u00e4ndig durch die Beschaffenheit des Papiers. Die Gr\u00f6\u00dfe der Bilder ist auf [&hellip;]<\/p>\n","protected":false},"author":1,"featured_media":0,"parent":0,"menu_order":0,"comment_status":"closed","ping_status":"closed","template":"","meta":{"_monsterinsights_skip_tracking":false,"_monsterinsights_sitenote_active":false,"_monsterinsights_sitenote_note":"","_monsterinsights_sitenote_category":0,"ocean_post_layout":"","ocean_both_sidebars_style":"","ocean_both_sidebars_content_width":0,"ocean_both_sidebars_sidebars_width":0,"ocean_sidebar":"0","ocean_second_sidebar":"0","ocean_disable_margins":"enable","ocean_add_body_class":"","ocean_shortcode_before_top_bar":"","ocean_shortcode_after_top_bar":"","ocean_shortcode_before_header":"","ocean_shortcode_after_header":"","ocean_has_shortcode":"","ocean_shortcode_after_title":"","ocean_shortcode_before_footer_widgets":"","ocean_shortcode_after_footer_widgets":"","ocean_shortcode_before_footer_bottom":"","ocean_shortcode_after_footer_bottom":"","ocean_display_top_bar":"default","ocean_display_header":"default","ocean_header_style":"","ocean_center_header_left_menu":"0","ocean_custom_header_template":"0","ocean_custom_logo":0,"ocean_custom_retina_logo":0,"ocean_custom_logo_max_width":0,"ocean_custom_logo_tablet_max_width":0,"ocean_custom_logo_mobile_max_width":0,"ocean_custom_logo_max_height":0,"ocean_custom_logo_tablet_max_height":0,"ocean_custom_logo_mobile_max_height":0,"ocean_header_custom_menu":"0","ocean_menu_typo_font_family":"0","ocean_menu_typo_font_subset":"","ocean_menu_typo_font_size":0,"ocean_menu_typo_font_size_tablet":0,"ocean_menu_typo_font_size_mobile":0,"ocean_menu_typo_font_size_unit":"px","ocean_menu_typo_font_weight":"","ocean_menu_typo_font_weight_tablet":"","ocean_menu_typo_font_weight_mobile":"","ocean_menu_typo_transform":"","ocean_menu_typo_transform_tablet":"","ocean_menu_typo_transform_mobile":"","ocean_menu_typo_line_height":0,"ocean_menu_typo_line_height_tablet":0,"ocean_menu_typo_line_height_mobile":0,"ocean_menu_typo_line_height_unit":"","ocean_menu_typo_spacing":0,"ocean_menu_typo_spacing_tablet":0,"ocean_menu_typo_spacing_mobile":0,"ocean_menu_typo_spacing_unit":"","ocean_menu_link_color":"","ocean_menu_link_color_hover":"","ocean_menu_link_color_active":"","ocean_menu_link_background":"","ocean_menu_link_hover_background":"","ocean_menu_link_active_background":"","ocean_menu_social_links_bg":"","ocean_menu_social_hover_links_bg":"","ocean_menu_social_links_color":"","ocean_menu_social_hover_links_color":"","ocean_disable_title":"default","ocean_disable_heading":"default","ocean_post_title":"","ocean_post_subheading":"","ocean_post_title_style":"","ocean_post_title_background_color":"","ocean_post_title_background":0,"ocean_post_title_bg_image_position":"","ocean_post_title_bg_image_attachment":"","ocean_post_title_bg_image_repeat":"","ocean_post_title_bg_image_size":"","ocean_post_title_height":0,"ocean_post_title_bg_overlay":0.5,"ocean_post_title_bg_overlay_color":"","ocean_disable_breadcrumbs":"default","ocean_breadcrumbs_color":"","ocean_breadcrumbs_separator_color":"","ocean_breadcrumbs_links_color":"","ocean_breadcrumbs_links_hover_color":"","ocean_display_footer_widgets":"default","ocean_display_footer_bottom":"default","ocean_custom_footer_template":"0","footnotes":""},"class_list":["post-1242","page","type-page","status-publish","hentry","entry"],"yoast_head":"<!-- This site is optimized with the Yoast SEO plugin v27.4 - https:\/\/yoast.com\/product\/yoast-seo-wordpress\/ -->\n<title>Galerie 3 - Fineartportraitkunst<\/title>\n<meta name=\"robots\" content=\"index, follow, max-snippet:-1, max-image-preview:large, max-video-preview:-1\" \/>\n<link rel=\"canonical\" href=\"https:\/\/xn--portrtkunst-p8a.com\/?page_id=1242\" \/>\n<meta property=\"og:locale\" content=\"de_DE\" \/>\n<meta property=\"og:type\" content=\"article\" \/>\n<meta property=\"og:title\" content=\"Galerie 3 - Fineartportraitkunst\" \/>\n<meta property=\"og:description\" content=\"Chiaroscuro Chiaroscuro kommt aus dem Italienischen und bedeutet soviel wie Hell-Dunkel. Die \u00dcberg\u00e4nge von hell nach dunkel sind meist sehr scharf von einander abgegrenzt, wodurch mehr Tiefe entsteht. Ich verwende diesen Malstil ausschlie\u00dflich auf schwarzem Velourpapier,\u00a0 jedoch ist das Arbeiten sehr intensiv und zeitaufw\u00e4ndig durch die Beschaffenheit des Papiers. Die Gr\u00f6\u00dfe der Bilder ist auf [&hellip;]\" \/>\n<meta property=\"og:url\" content=\"https:\/\/xn--portrtkunst-p8a.com\/?page_id=1242\" \/>\n<meta property=\"og:site_name\" content=\"Fineartportraitkunst\" \/>\n<meta property=\"article:modified_time\" content=\"2023-01-18T11:16:14+00:00\" \/>\n<meta property=\"og:image\" content=\"https:\/\/xn--portrtkunst-p8a.com\/wp-content\/uploads\/Hexe-org-1-216x300.jpg\" \/>\n<meta name=\"twitter:card\" content=\"summary_large_image\" \/>\n<meta name=\"twitter:label1\" content=\"Gesch\u00e4tzte Lesezeit\" \/>\n\t<meta name=\"twitter:data1\" content=\"2\u00a0Minuten\" \/>\n<script type=\"application\/ld+json\" class=\"yoast-schema-graph\">{\"@context\":\"https:\\\/\\\/schema.org\",\"@graph\":[{\"@type\":\"WebPage\",\"@id\":\"https:\\\/\\\/xn--portrtkunst-p8a.com\\\/?page_id=1242\",\"url\":\"https:\\\/\\\/xn--portrtkunst-p8a.com\\\/?page_id=1242\",\"name\":\"Galerie 3 - Fineartportraitkunst\",\"isPartOf\":{\"@id\":\"https:\\\/\\\/xn--portrtkunst-p8a.com\\\/#website\"},\"primaryImageOfPage\":{\"@id\":\"https:\\\/\\\/xn--portrtkunst-p8a.com\\\/?page_id=1242#primaryimage\"},\"image\":{\"@id\":\"https:\\\/\\\/xn--portrtkunst-p8a.com\\\/?page_id=1242#primaryimage\"},\"thumbnailUrl\":\"https:\\\/\\\/xn--portrtkunst-p8a.com\\\/wp-content\\\/uploads\\\/Hexe-org-1-216x300.jpg\",\"datePublished\":\"2021-06-09T12:18:06+00:00\",\"dateModified\":\"2023-01-18T11:16:14+00:00\",\"breadcrumb\":{\"@id\":\"https:\\\/\\\/xn--portrtkunst-p8a.com\\\/?page_id=1242#breadcrumb\"},\"inLanguage\":\"de\",\"potentialAction\":[{\"@type\":\"ReadAction\",\"target\":[\"https:\\\/\\\/xn--portrtkunst-p8a.com\\\/?page_id=1242\"]}]},{\"@type\":\"ImageObject\",\"inLanguage\":\"de\",\"@id\":\"https:\\\/\\\/xn--portrtkunst-p8a.com\\\/?page_id=1242#primaryimage\",\"url\":\"https:\\\/\\\/xn--portrtkunst-p8a.com\\\/wp-content\\\/uploads\\\/Hexe-org-1.jpg\",\"contentUrl\":\"https:\\\/\\\/xn--portrtkunst-p8a.com\\\/wp-content\\\/uploads\\\/Hexe-org-1.jpg\",\"width\":493,\"height\":685},{\"@type\":\"BreadcrumbList\",\"@id\":\"https:\\\/\\\/xn--portrtkunst-p8a.com\\\/?page_id=1242#breadcrumb\",\"itemListElement\":[{\"@type\":\"ListItem\",\"position\":1,\"name\":\"Startseite\",\"item\":\"https:\\\/\\\/xn--portrtkunst-p8a.com\\\/\"},{\"@type\":\"ListItem\",\"position\":2,\"name\":\"Galerie 3\"}]},{\"@type\":\"WebSite\",\"@id\":\"https:\\\/\\\/xn--portrtkunst-p8a.com\\\/#website\",\"url\":\"https:\\\/\\\/xn--portrtkunst-p8a.com\\\/\",\"name\":\"Fineartportait\",\"description\":\"Handgemalte Portraitarbeiten von Werner  Schnabel\",\"potentialAction\":[{\"@type\":\"SearchAction\",\"target\":{\"@type\":\"EntryPoint\",\"urlTemplate\":\"https:\\\/\\\/xn--portrtkunst-p8a.com\\\/?s={search_term_string}\"},\"query-input\":{\"@type\":\"PropertyValueSpecification\",\"valueRequired\":true,\"valueName\":\"search_term_string\"}}],\"inLanguage\":\"de\"}]}<\/script>\n<!-- \/ Yoast SEO plugin. -->","yoast_head_json":{"title":"Galerie 3 - Fineartportraitkunst","robots":{"index":"index","follow":"follow","max-snippet":"max-snippet:-1","max-image-preview":"max-image-preview:large","max-video-preview":"max-video-preview:-1"},"canonical":"https:\/\/xn--portrtkunst-p8a.com\/?page_id=1242","og_locale":"de_DE","og_type":"article","og_title":"Galerie 3 - Fineartportraitkunst","og_description":"Chiaroscuro Chiaroscuro kommt aus dem Italienischen und bedeutet soviel wie Hell-Dunkel. Die \u00dcberg\u00e4nge von hell nach dunkel sind meist sehr scharf von einander abgegrenzt, wodurch mehr Tiefe entsteht. Ich verwende diesen Malstil ausschlie\u00dflich auf schwarzem Velourpapier,\u00a0 jedoch ist das Arbeiten sehr intensiv und zeitaufw\u00e4ndig durch die Beschaffenheit des Papiers. Die Gr\u00f6\u00dfe der Bilder ist auf [&hellip;]","og_url":"https:\/\/xn--portrtkunst-p8a.com\/?page_id=1242","og_site_name":"Fineartportraitkunst","article_modified_time":"2023-01-18T11:16:14+00:00","og_image":[{"url":"https:\/\/xn--portrtkunst-p8a.com\/wp-content\/uploads\/Hexe-org-1-216x300.jpg","type":"","width":"","height":""}],"twitter_card":"summary_large_image","twitter_misc":{"Gesch\u00e4tzte Lesezeit":"2\u00a0Minuten"},"schema":{"@context":"https:\/\/schema.org","@graph":[{"@type":"WebPage","@id":"https:\/\/xn--portrtkunst-p8a.com\/?page_id=1242","url":"https:\/\/xn--portrtkunst-p8a.com\/?page_id=1242","name":"Galerie 3 - Fineartportraitkunst","isPartOf":{"@id":"https:\/\/xn--portrtkunst-p8a.com\/#website"},"primaryImageOfPage":{"@id":"https:\/\/xn--portrtkunst-p8a.com\/?page_id=1242#primaryimage"},"image":{"@id":"https:\/\/xn--portrtkunst-p8a.com\/?page_id=1242#primaryimage"},"thumbnailUrl":"https:\/\/xn--portrtkunst-p8a.com\/wp-content\/uploads\/Hexe-org-1-216x300.jpg","datePublished":"2021-06-09T12:18:06+00:00","dateModified":"2023-01-18T11:16:14+00:00","breadcrumb":{"@id":"https:\/\/xn--portrtkunst-p8a.com\/?page_id=1242#breadcrumb"},"inLanguage":"de","potentialAction":[{"@type":"ReadAction","target":["https:\/\/xn--portrtkunst-p8a.com\/?page_id=1242"]}]},{"@type":"ImageObject","inLanguage":"de","@id":"https:\/\/xn--portrtkunst-p8a.com\/?page_id=1242#primaryimage","url":"https:\/\/xn--portrtkunst-p8a.com\/wp-content\/uploads\/Hexe-org-1.jpg","contentUrl":"https:\/\/xn--portrtkunst-p8a.com\/wp-content\/uploads\/Hexe-org-1.jpg","width":493,"height":685},{"@type":"BreadcrumbList","@id":"https:\/\/xn--portrtkunst-p8a.com\/?page_id=1242#breadcrumb","itemListElement":[{"@type":"ListItem","position":1,"name":"Startseite","item":"https:\/\/xn--portrtkunst-p8a.com\/"},{"@type":"ListItem","position":2,"name":"Galerie 3"}]},{"@type":"WebSite","@id":"https:\/\/xn--portrtkunst-p8a.com\/#website","url":"https:\/\/xn--portrtkunst-p8a.com\/","name":"Fineartportait","description":"Handgemalte Portraitarbeiten von Werner  Schnabel","potentialAction":[{"@type":"SearchAction","target":{"@type":"EntryPoint","urlTemplate":"https:\/\/xn--portrtkunst-p8a.com\/?s={search_term_string}"},"query-input":{"@type":"PropertyValueSpecification","valueRequired":true,"valueName":"search_term_string"}}],"inLanguage":"de"}]}},"_links":{"self":[{"href":"https:\/\/xn--portrtkunst-p8a.com\/index.php?rest_route=\/wp\/v2\/pages\/1242","targetHints":{"allow":["GET"]}}],"collection":[{"href":"https:\/\/xn--portrtkunst-p8a.com\/index.php?rest_route=\/wp\/v2\/pages"}],"about":[{"href":"https:\/\/xn--portrtkunst-p8a.com\/index.php?rest_route=\/wp\/v2\/types\/page"}],"author":[{"embeddable":true,"href":"https:\/\/xn--portrtkunst-p8a.com\/index.php?rest_route=\/wp\/v2\/users\/1"}],"replies":[{"embeddable":true,"href":"https:\/\/xn--portrtkunst-p8a.com\/index.php?rest_route=%2Fwp%2Fv2%2Fcomments&post=1242"}],"version-history":[{"count":82,"href":"https:\/\/xn--portrtkunst-p8a.com\/index.php?rest_route=\/wp\/v2\/pages\/1242\/revisions"}],"predecessor-version":[{"id":2734,"href":"https:\/\/xn--portrtkunst-p8a.com\/index.php?rest_route=\/wp\/v2\/pages\/1242\/revisions\/2734"}],"wp:attachment":[{"href":"https:\/\/xn--portrtkunst-p8a.com\/index.php?rest_route=%2Fwp%2Fv2%2Fmedia&parent=1242"}],"curies":[{"name":"wp","href":"https:\/\/api.w.org\/{rel}","templated":true}]}}